{"id":55,"date":"2026-01-11T00:16:23","date_gmt":"2026-01-10T23:16:23","guid":{"rendered":"http:\/\/dpos.tomato.derp.si\/?page_id=55"},"modified":"2026-04-30T21:20:17","modified_gmt":"2026-04-30T19:20:17","slug":"novice","status":"publish","type":"page","link":"https:\/\/www.dpos.si\/en\/novice\/","title":{"rendered":"News"},"content":{"rendered":"<figure class=\"wp-block-image size-large is-resized\"><a href=\"https:\/\/prometnapolitika.si\/\"><img decoding=\"async\" src=\"https:\/\/prometnapolitika.si\/wp-content\/uploads\/2025\/11\/KTPP_logo_cmyk.svg\" alt=\"\" style=\"aspect-ratio:1.5453788509575355;width:215px;height:auto\"\/><\/a><\/figure>\n\n\n\n<p>21. 1. 2026<\/p>\n\n\n\n<p><strong>Passenger Association is now part of KTPP<\/strong><\/p>\n\n\n\n<p>Dru\u0161tvo potnikov Slovenije, dru\u0161tvo za razvoj javnega potni\u0161kega prometa se je s 20. 1. 2026, pridru\u017eila Koaliciji za trajnostno prometno politiko z namenom povezovanja z drugimi posamezniki in nevladnimi organizacijami, ki delujejo na podro\u010dju trajnostne mobilnosti.<\/p>\n\n\n\n<p><\/p>\n\n\n\n<p><\/p>\n\n\n\n<p><\/p>\n\n\n\n<p><\/p>","protected":false},"excerpt":{"rendered":"<p>21. 1. 2026 DRU\u0160TVO POTNIKOV DEL KTPP Dru\u0161tvo potnikov Slovenije, dru\u0161tvo za razvoj javnega potni\u0161kega prometa se je s 20. 1. 2026, pridru\u017eila Koaliciji za trajnostno prometno politiko z namenom povezovanja z drugimi posamezniki in nevladnimi organizacijami, ki delujejo na podro\u010dju trajnostne mobilnosti.<\/p>","protected":false},"author":2,"featured_media":0,"parent":0,"menu_order":0,"comment_status":"closed","ping_status":"closed","template":"","meta":{"inline_featured_image":false,"footnotes":""},"class_list":["post-55","page","type-page","status-publish","hentry"],"_links":{"self":[{"href":"https:\/\/www.dpos.si\/en\/wp-json\/wp\/v2\/pages\/55","targetHints":{"allow":["GET"]}}],"collection":[{"href":"https:\/\/www.dpos.si\/en\/wp-json\/wp\/v2\/pages"}],"about":[{"href":"https:\/\/www.dpos.si\/en\/wp-json\/wp\/v2\/types\/page"}],"author":[{"embeddable":true,"href":"https:\/\/www.dpos.si\/en\/wp-json\/wp\/v2\/users\/2"}],"replies":[{"embeddable":true,"href":"https:\/\/www.dpos.si\/en\/wp-json\/wp\/v2\/comments?post=55"}],"version-history":[{"count":4,"href":"https:\/\/www.dpos.si\/en\/wp-json\/wp\/v2\/pages\/55\/revisions"}],"predecessor-version":[{"id":224,"href":"https:\/\/www.dpos.si\/en\/wp-json\/wp\/v2\/pages\/55\/revisions\/224"}],"wp:attachment":[{"href":"https:\/\/www.dpos.si\/en\/wp-json\/wp\/v2\/media?parent=55"}],"curies":[{"name":"wp","href":"https:\/\/api.w.org\/{rel}","templated":true}]}}